{"id":73936,"date":"2024-11-13T12:49:38","date_gmt":"2024-11-13T11:49:38","guid":{"rendered":"https:\/\/ogrod-powsin.pl\/?page_id=73936"},"modified":"2024-11-13T13:29:04","modified_gmt":"2024-11-13T12:29:04","slug":"tenders-competitions","status":"publish","type":"page","link":"https:\/\/ogrod.pan.pl\/en\/przetargi-konkursy\/","title":{"rendered":"Tenders-Competitions"},"content":{"rendered":"<style>.wp-block-kadence-advancedheading.kt-adv-heading73936_1f79c5-47, .wp-block-kadence-advancedheading.kt-adv-heading73936_1f79c5-47[data-kb-block=\"kb-adv-heading73936_1f79c5-47\"]{font-style:normal;}.wp-block-kadence-advancedheading.kt-adv-heading73936_1f79c5-47 mark.kt-highlight, .wp-block-kadence-advancedheading.kt-adv-heading73936_1f79c5-47[data-kb-block=\"kb-adv-heading73936_1f79c5-47\"] mark.kt-highlight{font-style:normal;color:#f76a0c;-webkit-box-decoration-break:clone;box-decoration-break:clone;padding-top:0px;padding-right:0px;padding-bottom:0px;padding-left:0px;}.wp-block-kadence-advancedheading.kt-adv-heading73936_1f79c5-47 img.kb-inline-image, .wp-block-kadence-advancedheading.kt-adv-heading73936_1f79c5-47[data-kb-block=\"kb-adv-heading73936_1f79c5-47\"] img.kb-inline-image{width:150px;vertical-align:baseline;}<\/style>\n<h1 class=\"kt-adv-heading73936_1f79c5-47 wp-block-kadence-advancedheading\" data-kb-block=\"kb-adv-heading73936_1f79c5-47\">Przetargi i konkursy<\/h1>\n\n\n<style>.kt-post-loop73936_32cbc8-ae .kadence-post-image{padding-top:0px;padding-right:0px;padding-bottom:0px;padding-left:0px;}.kt-post-loop73936_32cbc8-ae .kt-post-grid-wrap{gap:30px 30px;}.kt-post-loop73936_32cbc8-ae .kt-blocks-post-grid-item{border-top-left-radius:0px;border-top-right-radius:0px;border-bottom-right-radius:0px;border-bottom-left-radius:0px;border-top-color:currentColor;border-top-style:solid;border-right-color:currentColor;border-right-style:solid;border-bottom-color:currentColor;border-bottom-style:solid;border-left-color:currentColor;border-left-style:solid;overflow:hidden;}.kt-post-loop73936_32cbc8-ae .kt-blocks-post-grid-item .kt-blocks-post-grid-item-inner{padding-top:0px;padding-right:0px;padding-bottom:0px;padding-left:0px;}.kt-post-loop73936_32cbc8-ae .kt-blocks-post-grid-item header{padding-top:0px;padding-right:0px;padding-bottom:10px;padding-left:0px;margin-right:0px;margin-bottom:0px;margin-left:0px;background-color:#ffffff;}.kt-post-loop73936_32cbc8-ae .kt-blocks-post-grid-item .kt-blocks-above-categories{font-size:13px;line-height:20px;text-transform:uppercase;}.kt-post-loop73936_32cbc8-ae .kt-blocks-post-grid-item .entry-title{padding-top:5px;padding-right:0px;padding-bottom:0px;padding-left:0px;margin-top:0px;margin-right:0px;margin-bottom:0px;margin-left:0px;font-size:18px;line-height:30px;}.kt-post-loop73936_32cbc8-ae .entry-content{padding-top:0px;padding-right:0px;padding-bottom:0px;padding-left:0px;margin-right:0px;margin-bottom:0px;margin-left:0px;}.kt-post-loop73936_32cbc8-ae .kt-blocks-post-footer{border-color:#eaeaea;color:#aaaaaa;border-top-width:1px;border-right-width:0px;border-bottom-width:0px;border-left-width:0px;padding-top:5px;padding-right:0px;padding-bottom:0px;padding-left:0px;margin-top:20px;margin-right:0px;margin-bottom:0px;margin-left:0px;font-size:12px;line-height:5px;text-transform:uppercase;}.kt-post-loop73936_32cbc8-ae .entry-content:after{height:20px;}.kt-post-loop73936_32cbc8-ae .kt-blocks-post-footer a{color:#aaaaaa;}.kt-post-loop73936_32cbc8-ae .kt-blocks-post-footer a:hover{color:#7f7f7f;}.kt-post-loop73936_32cbc8-ae .entry-content .kt-blocks-post-readmore{background-color:var(--global-palette1, #3182CE);border-color:#444444;color:#ffffff;padding-top:4px;padding-right:8px;padding-bottom:4px;padding-left:8px;margin-top:20px;margin-right:0px;margin-bottom:0px;margin-left:0px;font-size:12px;}.kt-post-loop73936_32cbc8-ae .entry-content .kt-blocks-post-readmore:hover{color:#ffffff;border-color:#555555;background-color:#555555;}.kt-post-loop73936_32cbc8-ae .kb-filter-item{border-top-width:0px;border-right-width:0px;border-bottom-width:2px;border-left-width:0px;padding-top:5px;padding-right:8px;padding-bottom:5px;padding-left:8px;margin-top:0px;margin-right:10px;margin-bottom:0px;margin-left:0px;}@media all and (max-width: 1024px){.kt-post-loop73936_32cbc8-ae .kt-blocks-post-grid-item{border-top-color:currentColor;border-top-style:solid;border-right-color:currentColor;border-right-style:solid;border-bottom-color:currentColor;border-bottom-style:solid;border-left-color:currentColor;border-left-style:solid;}}@media all and (max-width: 767px){.kt-post-loop73936_32cbc8-ae .kt-blocks-post-grid-item{border-top-color:currentColor;border-top-style:solid;border-right-color:currentColor;border-right-style:solid;border-bottom-color:currentColor;border-bottom-style:solid;border-left-color:currentColor;border-left-style:solid;}}<\/style><div class=\"wp-block-kadence-postgrid kt-blocks-post-loop-block alignnone kt-post-loop73936_32cbc8-ae kt-post-grid-layout-grid \"><div class=\"kt-post-grid-layout-grid-wrap kt-post-grid-wrap\" data-columns-xxl=\"1\" data-columns-xl=\"1\" data-columns-md=\"1\" data-columns-sm=\"1\" data-columns-xs=\"1\" data-columns-ss=\"1\"data-item-selector=\".kt-post-masonry-item\" aria-label=\"Post Carousel\"><article class=\"kt-blocks-post-grid-item post-83057 post type-post status-publish format-standard hentry category-przetargi-i-konkursy\"><div class=\"kt-blocks-post-grid-item-inner-wrap kt-feat-image-align-none kt-feat-image-mobile-align-top\"><div class=\"kt-blocks-post-grid-item-inner\"><header><h3 class=\"entry-title\"><a href=\"https:\/\/ogrod.pan.pl\/en\/ogloszenie-z-dnia-23-marca-2026-r-4\/\">Og\u0142oszenie z dnia 23 marca 2026 r.<\/a><\/h3><div class=\"kt-blocks-post-top-meta\"><\/div><\/header><div class=\"entry-content\">Sukcesywne \u015bwiadczenie us\u0142ug zwi\u0105zanych z obs\u0142ug\u0105 odwiedzaj\u0105cych Ogr\u00f3d Botaniczny w&#8230;<div class=\"kt-blocks-post-readmore-wrap\"><a class=\"kt-blocks-post-readmore\" href=\"https:\/\/ogrod.pan.pl\/en\/ogloszenie-z-dnia-23-marca-2026-r-4\/\">Czytaj dalej<span class=\"screen-reader-text\"> Og\u0142oszenie z dnia 23 marca 2026 r.<\/span><\/a><\/div><\/div><footer class=\"kt-blocks-post-footer\"><div class=\"kt-blocks-post-footer-left\"><\/div><div class=\"kt-blocks-post-footer-right\"><\/div><\/footer><\/div><\/div><\/article><article class=\"kt-blocks-post-grid-item post-83050 post type-post status-publish format-standard hentry category-przetargi-i-konkursy\"><div class=\"kt-blocks-post-grid-item-inner-wrap kt-feat-image-align-none kt-feat-image-mobile-align-top\"><div class=\"kt-blocks-post-grid-item-inner\"><header><h3 class=\"entry-title\"><a href=\"https:\/\/ogrod.pan.pl\/en\/ogloszenie-z-dnia-23-marca-2026-r-3\/\">Og\u0142oszenie z dnia 23 marca 2026 r.<\/a><\/h3><div class=\"kt-blocks-post-top-meta\"><\/div><\/header><div class=\"entry-content\">Sukcesywne \u015bwiadczenie us\u0142ug w ramach umowy zlecenia zwi\u0105zanych z obs\u0142ug\u0105&#8230;<div class=\"kt-blocks-post-readmore-wrap\"><a class=\"kt-blocks-post-readmore\" href=\"https:\/\/ogrod.pan.pl\/en\/ogloszenie-z-dnia-23-marca-2026-r-3\/\">Czytaj dalej<span class=\"screen-reader-text\"> Og\u0142oszenie z dnia 23 marca 2026 r.<\/span><\/a><\/div><\/div><footer class=\"kt-blocks-post-footer\"><div class=\"kt-blocks-post-footer-left\"><\/div><div class=\"kt-blocks-post-footer-right\"><\/div><\/footer><\/div><\/div><\/article><article class=\"kt-blocks-post-grid-item post-83044 post type-post status-publish format-standard hentry category-przetargi-i-konkursy\"><div class=\"kt-blocks-post-grid-item-inner-wrap kt-feat-image-align-none kt-feat-image-mobile-align-top\"><div class=\"kt-blocks-post-grid-item-inner\"><header><h3 class=\"entry-title\"><a href=\"https:\/\/ogrod.pan.pl\/en\/ogloszenie-z-dnia-23-marca-2026-r-2\/\">Og\u0142oszenie z dnia 23 marca 2026 r.<\/a><\/h3><div class=\"kt-blocks-post-top-meta\"><\/div><\/header><div class=\"entry-content\">Sukcesywne \u015bwiadczenie us\u0142ug w ramach umowy zlecenia zwi\u0105zanych z obs\u0142ug\u0105&#8230;<div class=\"kt-blocks-post-readmore-wrap\"><a class=\"kt-blocks-post-readmore\" href=\"https:\/\/ogrod.pan.pl\/en\/ogloszenie-z-dnia-23-marca-2026-r-2\/\">Czytaj dalej<span class=\"screen-reader-text\"> Og\u0142oszenie z dnia 23 marca 2026 r.<\/span><\/a><\/div><\/div><footer class=\"kt-blocks-post-footer\"><div class=\"kt-blocks-post-footer-left\"><\/div><div class=\"kt-blocks-post-footer-right\"><\/div><\/footer><\/div><\/div><\/article><article class=\"kt-blocks-post-grid-item post-83038 post type-post status-publish format-standard hentry category-przetargi-i-konkursy\"><div class=\"kt-blocks-post-grid-item-inner-wrap kt-feat-image-align-none kt-feat-image-mobile-align-top\"><div class=\"kt-blocks-post-grid-item-inner\"><header><h3 class=\"entry-title\"><a href=\"https:\/\/ogrod.pan.pl\/en\/ogloszenie-z-dnia-23-marca-2026-r\/\">Og\u0142oszenie z dnia 23 marca 2026 r.<\/a><\/h3><div class=\"kt-blocks-post-top-meta\"><\/div><\/header><div class=\"entry-content\">Sukcesywne \u015bwiadczenie us\u0142ug w ramach umowy zlecenia zwi\u0105zanych z obs\u0142ug\u0105&#8230;<div class=\"kt-blocks-post-readmore-wrap\"><a class=\"kt-blocks-post-readmore\" href=\"https:\/\/ogrod.pan.pl\/en\/ogloszenie-z-dnia-23-marca-2026-r\/\">Czytaj dalej<span class=\"screen-reader-text\"> Og\u0142oszenie z dnia 23 marca 2026 r.<\/span><\/a><\/div><\/div><footer class=\"kt-blocks-post-footer\"><div class=\"kt-blocks-post-footer-left\"><\/div><div class=\"kt-blocks-post-footer-right\"><\/div><\/footer><\/div><\/div><\/article><article class=\"kt-blocks-post-grid-item post-83031 post type-post status-publish format-standard hentry category-przetargi-i-konkursy\"><div class=\"kt-blocks-post-grid-item-inner-wrap kt-feat-image-align-none kt-feat-image-mobile-align-top\"><div class=\"kt-blocks-post-grid-item-inner\"><header><h3 class=\"entry-title\"><a href=\"https:\/\/ogrod.pan.pl\/en\/ogloszenie-z-dnia-20-marca-2026-r\/\">Og\u0142oszenie z dnia 20 marca 2026 r.<\/a><\/h3><div class=\"kt-blocks-post-top-meta\"><\/div><\/header><div class=\"entry-content\">Sukcesywne \u015bwiadczenie us\u0142ug w ramach umowy zlecenia zwi\u0105zanych z obs\u0142ug\u0105&#8230;<div class=\"kt-blocks-post-readmore-wrap\"><a class=\"kt-blocks-post-readmore\" href=\"https:\/\/ogrod.pan.pl\/en\/ogloszenie-z-dnia-20-marca-2026-r\/\">Czytaj dalej<span class=\"screen-reader-text\"> Og\u0142oszenie z dnia 20 marca 2026 r.<\/span><\/a><\/div><\/div><footer class=\"kt-blocks-post-footer\"><div class=\"kt-blocks-post-footer-left\"><\/div><div class=\"kt-blocks-post-footer-right\"><\/div><\/footer><\/div><\/div><\/article><article class=\"kt-blocks-post-grid-item post-82956 post type-post status-publish format-standard hentry category-przetargi-i-konkursy\"><div class=\"kt-blocks-post-grid-item-inner-wrap kt-feat-image-align-none kt-feat-image-mobile-align-top\"><div class=\"kt-blocks-post-grid-item-inner\"><header><h3 class=\"entry-title\"><a href=\"https:\/\/ogrod.pan.pl\/en\/ogloszenie-z-dnia-5-marca-2026-r\/\">Og\u0142oszenie z dnia 5 marca 2026 r.<\/a><\/h3><div class=\"kt-blocks-post-top-meta\"><\/div><\/header><div class=\"entry-content\">Sukcesywna dostawa kory do PAN Ogrodu Botanicznego w Powsinie w&#8230;<div class=\"kt-blocks-post-readmore-wrap\"><a class=\"kt-blocks-post-readmore\" href=\"https:\/\/ogrod.pan.pl\/en\/ogloszenie-z-dnia-5-marca-2026-r\/\">Czytaj dalej<span class=\"screen-reader-text\"> Og\u0142oszenie z dnia 5 marca 2026 r.<\/span><\/a><\/div><\/div><footer class=\"kt-blocks-post-footer\"><div class=\"kt-blocks-post-footer-left\"><\/div><div class=\"kt-blocks-post-footer-right\"><\/div><\/footer><\/div><\/div><\/article><article class=\"kt-blocks-post-grid-item post-82900 post type-post status-publish format-standard hentry category-przetargi-i-konkursy\"><div class=\"kt-blocks-post-grid-item-inner-wrap kt-feat-image-align-none kt-feat-image-mobile-align-top\"><div class=\"kt-blocks-post-grid-item-inner\"><header><h3 class=\"entry-title\"><a href=\"https:\/\/ogrod.pan.pl\/en\/ogloszenie-z-dnia-19-lutego-2026-r-6\/\">Og\u0142oszenie z dnia 19 lutego 2026 r.<\/a><\/h3><div class=\"kt-blocks-post-top-meta\"><\/div><\/header><div class=\"entry-content\">Sukcesywna dostawa nawoz\u00f3w, pod\u0142o\u017cy oraz kory do PAN Ogrodu Botanicznego&#8230;<div class=\"kt-blocks-post-readmore-wrap\"><a class=\"kt-blocks-post-readmore\" href=\"https:\/\/ogrod.pan.pl\/en\/ogloszenie-z-dnia-19-lutego-2026-r-6\/\">Czytaj dalej<span class=\"screen-reader-text\"> Og\u0142oszenie z dnia 19 lutego 2026 r.<\/span><\/a><\/div><\/div><footer class=\"kt-blocks-post-footer\"><div class=\"kt-blocks-post-footer-left\"><\/div><div class=\"kt-blocks-post-footer-right\"><\/div><\/footer><\/div><\/div><\/article><article class=\"kt-blocks-post-grid-item post-82894 post type-post status-publish format-standard hentry category-przetargi-i-konkursy\"><div class=\"kt-blocks-post-grid-item-inner-wrap kt-feat-image-align-none kt-feat-image-mobile-align-top\"><div class=\"kt-blocks-post-grid-item-inner\"><header><h3 class=\"entry-title\"><a href=\"https:\/\/ogrod.pan.pl\/en\/ogloszenie-z-dnia-19-lutego-2026-r-5\/\">Og\u0142oszenie z dnia 19 lutego 2026 r.<\/a><\/h3><div class=\"kt-blocks-post-top-meta\"><\/div><\/header><div class=\"entry-content\">\u015awiadczenie us\u0142ug zwi\u0105zanych z&nbsp;obs\u0142ug\u0105 odwiedzaj\u0105cych Ogr\u00f3d Botaniczny w&nbsp;dni powszednie od&nbsp;poniedzia\u0142ku&#8230;<div class=\"kt-blocks-post-readmore-wrap\"><a class=\"kt-blocks-post-readmore\" href=\"https:\/\/ogrod.pan.pl\/en\/ogloszenie-z-dnia-19-lutego-2026-r-5\/\">Czytaj dalej<span class=\"screen-reader-text\"> Og\u0142oszenie z dnia 19 lutego 2026 r.<\/span><\/a><\/div><\/div><footer class=\"kt-blocks-post-footer\"><div class=\"kt-blocks-post-footer-left\"><\/div><div class=\"kt-blocks-post-footer-right\"><\/div><\/footer><\/div><\/div><\/article><article class=\"kt-blocks-post-grid-item post-82888 post type-post status-publish format-standard hentry category-przetargi-i-konkursy\"><div class=\"kt-blocks-post-grid-item-inner-wrap kt-feat-image-align-none kt-feat-image-mobile-align-top\"><div class=\"kt-blocks-post-grid-item-inner\"><header><h3 class=\"entry-title\"><a href=\"https:\/\/ogrod.pan.pl\/en\/ogloszenie-z-dnia-19-lutego-2026-r-4\/\">Og\u0142oszenie z dnia 19 lutego 2026 r.<\/a><\/h3><div class=\"kt-blocks-post-top-meta\"><\/div><\/header><div class=\"entry-content\">\u015awiadczenie us\u0142ug zwi\u0105zanych z obs\u0142ug\u0105 odwiedzaj\u0105cych Ogr\u00f3d Botaniczny w dni&#8230;<div class=\"kt-blocks-post-readmore-wrap\"><a class=\"kt-blocks-post-readmore\" href=\"https:\/\/ogrod.pan.pl\/en\/ogloszenie-z-dnia-19-lutego-2026-r-4\/\">Czytaj dalej<span class=\"screen-reader-text\"> Og\u0142oszenie z dnia 19 lutego 2026 r.<\/span><\/a><\/div><\/div><footer class=\"kt-blocks-post-footer\"><div class=\"kt-blocks-post-footer-left\"><\/div><div class=\"kt-blocks-post-footer-right\"><\/div><\/footer><\/div><\/div><\/article><article class=\"kt-blocks-post-grid-item post-82882 post type-post status-publish format-standard hentry category-przetargi-i-konkursy\"><div class=\"kt-blocks-post-grid-item-inner-wrap kt-feat-image-align-none kt-feat-image-mobile-align-top\"><div class=\"kt-blocks-post-grid-item-inner\"><header><h3 class=\"entry-title\"><a href=\"https:\/\/ogrod.pan.pl\/en\/ogloszenie-z-dnia-19-lutego-2026-r-3\/\">Og\u0142oszenie z dnia 19 lutego 2026 r.<\/a><\/h3><div class=\"kt-blocks-post-top-meta\"><\/div><\/header><div class=\"entry-content\">\u015awiadczenie us\u0142ug zwi\u0105zanych z obs\u0142ug\u0105 odwiedzaj\u0105cych Ogr\u00f3d Botaniczny w dni&#8230;<div class=\"kt-blocks-post-readmore-wrap\"><a class=\"kt-blocks-post-readmore\" href=\"https:\/\/ogrod.pan.pl\/en\/ogloszenie-z-dnia-19-lutego-2026-r-3\/\">Czytaj dalej<span class=\"screen-reader-text\"> Og\u0142oszenie z dnia 19 lutego 2026 r.<\/span><\/a><\/div><\/div><footer class=\"kt-blocks-post-footer\"><div class=\"kt-blocks-post-footer-left\"><\/div><div class=\"kt-blocks-post-footer-right\"><\/div><\/footer><\/div><\/div><\/article><article class=\"kt-blocks-post-grid-item post-82876 post type-post status-publish format-standard hentry category-przetargi-i-konkursy\"><div class=\"kt-blocks-post-grid-item-inner-wrap kt-feat-image-align-none kt-feat-image-mobile-align-top\"><div class=\"kt-blocks-post-grid-item-inner\"><header><h3 class=\"entry-title\"><a href=\"https:\/\/ogrod.pan.pl\/en\/ogloszenie-z-dnia-19-lutego-2026-r-2\/\">Og\u0142oszenie z dnia 19 lutego 2026 r.<\/a><\/h3><div class=\"kt-blocks-post-top-meta\"><\/div><\/header><div class=\"entry-content\">\u015awiadczenie us\u0142ug zwi\u0105zanych z obs\u0142ug\u0105 odwiedzaj\u0105cych Ogr\u00f3d Botaniczny w dni&#8230;<div class=\"kt-blocks-post-readmore-wrap\"><a class=\"kt-blocks-post-readmore\" href=\"https:\/\/ogrod.pan.pl\/en\/ogloszenie-z-dnia-19-lutego-2026-r-2\/\">Czytaj dalej<span class=\"screen-reader-text\"> Og\u0142oszenie z dnia 19 lutego 2026 r.<\/span><\/a><\/div><\/div><footer class=\"kt-blocks-post-footer\"><div class=\"kt-blocks-post-footer-left\"><\/div><div class=\"kt-blocks-post-footer-right\"><\/div><\/footer><\/div><\/div><\/article><article class=\"kt-blocks-post-grid-item post-82867 post type-post status-publish format-standard hentry category-przetargi-i-konkursy\"><div class=\"kt-blocks-post-grid-item-inner-wrap kt-feat-image-align-none kt-feat-image-mobile-align-top\"><div class=\"kt-blocks-post-grid-item-inner\"><header><h3 class=\"entry-title\"><a href=\"https:\/\/ogrod.pan.pl\/en\/ogloszenie-z-dnia-19-lutego-2026-r\/\">Og\u0142oszenie z dnia 19 lutego 2026 r.<\/a><\/h3><div class=\"kt-blocks-post-top-meta\"><\/div><\/header><div class=\"entry-content\">\u015awiadczenie us\u0142ug zwi\u0105zanych z obs\u0142ug\u0105 odwiedzaj\u0105cych Ogr\u00f3d Botaniczny w dni&#8230;<div class=\"kt-blocks-post-readmore-wrap\"><a class=\"kt-blocks-post-readmore\" href=\"https:\/\/ogrod.pan.pl\/en\/ogloszenie-z-dnia-19-lutego-2026-r\/\">Czytaj dalej<span class=\"screen-reader-text\"> Og\u0142oszenie z dnia 19 lutego 2026 r.<\/span><\/a><\/div><\/div><footer class=\"kt-blocks-post-footer\"><div class=\"kt-blocks-post-footer-left\"><\/div><div class=\"kt-blocks-post-footer-right\"><\/div><\/footer><\/div><\/div><\/article><\/div><div class=\"kt-blocks-page-nav\">\n\t<nav class=\"navigation pagination\" aria-label=\"Posts pagination\">\n\t\t<h2 class=\"screen-reader-text\">Posts pagination<\/h2>\n\t\t<div class=\"nav-links\"><span aria-current=\"page\" class=\"page-numbers current\">1<\/span>\n<a class=\"page-numbers\" href=\"https:\/\/ogrod.pan.pl\/en\/wp-json\/wp\/v2\/pages\/73936\/page\/2\/\">2<\/a>\n<a class=\"page-numbers\" href=\"https:\/\/ogrod.pan.pl\/en\/wp-json\/wp\/v2\/pages\/73936\/page\/3\/\">3<\/a>\n<a class=\"page-numbers\" href=\"https:\/\/ogrod.pan.pl\/en\/wp-json\/wp\/v2\/pages\/73936\/page\/4\/\">4<\/a>\n<span class=\"page-numbers dots\">&hellip;<\/span>\n<a class=\"page-numbers\" href=\"https:\/\/ogrod.pan.pl\/en\/wp-json\/wp\/v2\/pages\/73936\/page\/21\/\">21<\/a>\n<a class=\"next page-numbers\" href=\"https:\/\/ogrod.pan.pl\/en\/wp-json\/wp\/v2\/pages\/73936\/page\/2\/\"><span class=\"screen-reader-text\">Next Page<\/span><svg style=\"display:inline-block;vertical-align:middle\" aria-hidden=\"true\" class=\"kt-blocks-pagination-right-svg\" viewBox=\"0 0 320 512\" height=\"14\" width=\"8\" fill=\"currentColor\" xmlns=\"http:\/\/www.w3.org\/2000\/svg\"><path d=\"M285.476 272.971L91.132 467.314c-9.373 9.373-24.569 9.373-33.941 0l-22.667-22.667c-9.357-9.357-9.375-24.522-.04-33.901L188.505 256 34.484 101.255c-9.335-9.379-9.317-24.544.04-33.901l22.667-22.667c9.373-9.373 24.569-9.373 33.941 0L285.475 239.03c9.373 9.372 9.373 24.568.001 33.941z\"><\/path><\/svg><\/a><\/div>\n\t<\/nav><\/div><\/div><!-- .wp-block-kadence-postgrid -->","protected":false},"excerpt":{"rendered":"<p>Tenders and competitions<\/p>","protected":false},"author":23,"featured_media":0,"parent":0,"menu_order":0,"comment_status":"closed","ping_status":"closed","template":"","meta":{"_kad_blocks_custom_css":"","_kad_blocks_head_custom_js":"","_kad_blocks_body_custom_js":"","_kad_blocks_footer_custom_js":"","ngg_post_thumbnail":0,"_kad_post_transparent":"","_kad_post_title":"","_kad_post_layout":"","_kad_post_sidebar_id":"","_kad_post_content_style":"","_kad_post_vertical_padding":"","_kad_post_feature":"","_kad_post_feature_position":"","_kad_post_header":false,"_kad_post_footer":false,"_kad_post_classname":"","footnotes":""},"class_list":["post-73936","page","type-page","status-publish","hentry"],"taxonomy_info":[],"featured_image_src_large":false,"author_info":{"display_name":"login_at","author_link":"https:\/\/ogrod.pan.pl\/en\/author\/login_at\/"},"comment_info":0,"meta_box":{"mb_document_group":[]},"_links":{"self":[{"href":"https:\/\/ogrod.pan.pl\/en\/wp-json\/wp\/v2\/pages\/73936","targetHints":{"allow":["GET"]}}],"collection":[{"href":"https:\/\/ogrod.pan.pl\/en\/wp-json\/wp\/v2\/pages"}],"about":[{"href":"https:\/\/ogrod.pan.pl\/en\/wp-json\/wp\/v2\/types\/page"}],"author":[{"embeddable":true,"href":"https:\/\/ogrod.pan.pl\/en\/wp-json\/wp\/v2\/users\/23"}],"replies":[{"embeddable":true,"href":"https:\/\/ogrod.pan.pl\/en\/wp-json\/wp\/v2\/comments?post=73936"}],"version-history":[{"count":0,"href":"https:\/\/ogrod.pan.pl\/en\/wp-json\/wp\/v2\/pages\/73936\/revisions"}],"wp:attachment":[{"href":"https:\/\/ogrod.pan.pl\/en\/wp-json\/wp\/v2\/media?parent=73936"}],"curies":[{"name":"wp","href":"https:\/\/api.w.org\/{rel}","templated":true}]}}