{"id":574,"date":"2019-01-20T09:25:05","date_gmt":"2019-01-20T08:25:05","guid":{"rendered":"https:\/\/ogrod-powsin.pl\/blog\/?page_id=574"},"modified":"2023-03-20T07:09:04","modified_gmt":"2023-03-20T06:09:04","slug":"kontakt","status":"publish","type":"page","link":"https:\/\/ogrod.pan.pl\/blog\/kontakt\/","title":{"rendered":"Kontakt"},"content":{"rendered":"<div class=\"su-row\"><div class=\"su-column su-column-size-1-2\"><div class=\"su-column-inner su-u-clearfix su-u-trim\">\n<strong>Polska Akademia Nauk \u2013 Ogr\u00f3d Botaniczny<br \/>\nCentrum Zachowania R\u00f3\u017cnorodno\u015bci Biologicznej w&nbsp;Powsinie<\/strong><br \/>\nul. Prawdziwka 2, 02-973 Warszawa<\/p>\n<p>tel. +48 22 648 38 56 w. 154<br \/>\ntel. 607 291 501<\/p>\n<p>e-mail informacja@ob.pan.pl<br \/>\nwww.<a href=\"https:\/\/ogrod-powsin.pl\" target=\"_blank\" rel=\"noopener noreferrer\">ogrod-powsin.pl<\/a><br \/>\n<\/div><\/div> <div class=\"su-column su-column-size-1-2\"><div class=\"su-column-inner su-u-clearfix su-u-trim\">\n<iframe loading=\"lazy\" style=\"border: 0;\" src=\"https:\/\/www.google.com\/maps\/embed?pb=!1m18!1m12!1m3!1d2450.5630235225117!2d21.09396191610479!3d52.10588387973794!2m3!1f0!2f0!3f0!3m2!1i1024!2i768!4f13.1!3m3!1m2!1s0x47192c312eedfe85%3A0x516437415062ad5e!2sPAN+Ogr%C3%B3d+Botaniczny+CZRB+w+Powsinie!5e0!3m2!1spl!2spl!4v1548048622915\" width=\"600\" height=\"450\" frameborder=\"0\" allowfullscreen=\"allowfullscreen\"><\/iframe><br \/>\n<\/div><\/div><\/div>\n","protected":false},"excerpt":{"rendered":"","protected":false},"author":6,"featured_media":628,"parent":0,"menu_order":0,"comment_status":"closed","ping_status":"closed","template":"","meta":{"_kad_blocks_custom_css":"","_kad_blocks_head_custom_js":"","_kad_blocks_body_custom_js":"","_kad_blocks_footer_custom_js":"","ngg_post_thumbnail":0,"_kad_post_transparent":"","_kad_post_title":"","_kad_post_layout":"","_kad_post_sidebar_id":"","_kad_post_content_style":"","_kad_post_vertical_padding":"","_kad_post_feature":"","_kad_post_feature_position":"","_kad_post_header":false,"_kad_post_footer":false,"_kad_post_classname":"","footnotes":""},"class_list":["post-574","page","type-page","status-publish","has-post-thumbnail","hentry"],"taxonomy_info":[],"featured_image_src_large":["https:\/\/ogrod.pan.pl\/blog\/wp-content\/uploads\/2019\/03\/headerbloga-1-1024x300.jpg",1024,300,true],"author_info":{"display_name":"admin_1","author_link":"https:\/\/ogrod.pan.pl\/blog\/author\/admin_1\/"},"comment_info":0,"_links":{"self":[{"href":"https:\/\/ogrod.pan.pl\/blog\/wp-json\/wp\/v2\/pages\/574","targetHints":{"allow":["GET"]}}],"collection":[{"href":"https:\/\/ogrod.pan.pl\/blog\/wp-json\/wp\/v2\/pages"}],"about":[{"href":"https:\/\/ogrod.pan.pl\/blog\/wp-json\/wp\/v2\/types\/page"}],"author":[{"embeddable":true,"href":"https:\/\/ogrod.pan.pl\/blog\/wp-json\/wp\/v2\/users\/6"}],"replies":[{"embeddable":true,"href":"https:\/\/ogrod.pan.pl\/blog\/wp-json\/wp\/v2\/comments?post=574"}],"version-history":[{"count":0,"href":"https:\/\/ogrod.pan.pl\/blog\/wp-json\/wp\/v2\/pages\/574\/revisions"}],"wp:featuredmedia":[{"embeddable":true,"href":"https:\/\/ogrod.pan.pl\/blog\/wp-json\/wp\/v2\/media\/628"}],"wp:attachment":[{"href":"https:\/\/ogrod.pan.pl\/blog\/wp-json\/wp\/v2\/media?parent=574"}],"curies":[{"name":"wp","href":"https:\/\/api.w.org\/{rel}","templated":true}]}}