{"id":572,"date":"2019-01-20T09:24:58","date_gmt":"2019-01-20T08:24:58","guid":{"rendered":"https:\/\/ogrod-powsin.pl\/blog\/?page_id=572"},"modified":"2024-01-10T15:24:42","modified_gmt":"2024-01-10T14:24:42","slug":"o-ogrodzie","status":"publish","type":"page","link":"https:\/\/ogrod.pan.pl\/blog\/o-ogrodzie\/","title":{"rendered":"O naszym Ogrodzie"},"content":{"rendered":"<p style=\"text-align: justify;\"><b>Ogr\u00f3d Botaniczny \u2013 Centrum Zachowania R\u00f3\u017cnorodno\u015bci Biologicznej PAN w Warszawie<\/b> znajduje si\u0119 przy po\u0142udniowej granicy <a title=\"Ursyn\u00f3w\" href=\"https:\/\/pl.wikipedia.org\/wiki\/Ursyn%C3%B3w\" target=\"_blank\" rel=\"noopener\">dzielnicy Ursyn\u00f3w<\/a>. Jest po\u0142o\u017cony na g\u00f3rnym <a title=\"Terasa\" href=\"https:\/\/pl.wikipedia.org\/wiki\/Terasa\" target=\"_blank\" rel=\"noopener\">tarasie<\/a> <a title=\"Dolina \u015arodkowej Wis\u0142y\" href=\"https:\/\/pl.wikipedia.org\/wiki\/Dolina_%C5%9Arodkowej_Wis%C5%82y\" target=\"_blank\" rel=\"noopener\">doliny Wis\u0142y<\/a>, na wysoko\u015bci 87\u2013102 m n.p.m. W otoczeniu Ogrodu Botanicznego znajduje si\u0119 rezerwat przyrody Las Kabacki im. Stefana Starzy\u0144skiego oraz Park Kultury w Powsinie. Pierwsze starania o utworzenie ogrodu botanicznego w Warszawie zosta\u0142y zainicjowane ju\u017c w roku <a title=\"1928\" href=\"https:\/\/pl.wikipedia.org\/wiki\/1928\" target=\"_blank\" rel=\"noopener\">1928<\/a> przez profesor\u00f3w Boles\u0142awa Hryniewieckiego i Romana Kobendz\u0119. Po <a title=\"II wojna \u015bwiatowa\" href=\"https:\/\/pl.wikipedia.org\/wiki\/II_wojna_%C5%9Bwiatowa\" target=\"_blank\" rel=\"noopener\">II wojnie \u015bwiatowej<\/a> podejmowano kilka pr\u00f3b stworzenia ogrodu botanicznego w Powsinie. Jednak dopiero w roku 1974, decyzj\u0105 Prezydium PAN nast\u0105pi\u0142o powo\u0142anie <strong>Ogrodu Botanicznego PAN.<\/strong> Do roku 1977 wykupiono teren o powierzchni oko\u0142o 40 ha. W latach <a title=\"1978\" href=\"https:\/\/pl.wikipedia.org\/wiki\/1978\" target=\"_blank\" rel=\"noopener\">1978<\/a>&#8211;<a title=\"1990\" href=\"https:\/\/pl.wikipedia.org\/wiki\/1990\" target=\"_blank\" rel=\"noopener\">1990<\/a> nast\u0105pi\u0142o zasadnicze zagospodarowanie terenu oraz zapocz\u0105tkowano tworzenie kolekcji ro\u015blin. Pierwszym dyrektorem ogrodu by\u0142 prof. Bogus\u0142aw Molski, a jego nast\u0119pc\u0105 w roku 1989 zosta\u0142 prof. Jerzy Puchalski. Od roku 2017 roku funkcj\u0119 t\u0119 pe\u0142ni\u0142 dr Pawe\u0142 Kojs, a od roku 2021 sprawuje prof. Arkadiusz Nowak.<\/p>\n<p style=\"text-align: justify;\">Bramy Ogrodu Botanicznego otwarto dla zwiedzaj\u0105cych w roku <a title=\"1990\" href=\"https:\/\/pl.wikipedia.org\/wiki\/1990\" target=\"_blank\" rel=\"noopener\">1990<\/a>. Pi\u0119\u0107 lat p\u00f3\u017aniej udost\u0119pniono m.in. kolekcj\u0119 ro\u015blin egzotycznych, a tak\u017ce Centrum Edukacji Przyrodniczo-Ekologicznej oraz Bank Nasion Ro\u015blin Zagro\u017conych i Gin\u0105cych. W roku <a title=\"1997\" href=\"https:\/\/pl.wikipedia.org\/wiki\/1997\" target=\"_blank\" rel=\"noopener\">1997<\/a> do dotychczasowej nazwy Ogr\u00f3d Botaniczny PAN, dodano cz\u0142on &#8222;Centrum Zachowania R\u00f3\u017cnorodno\u015bci Biologicznej&#8221;. W roku <a title=\"2000\" href=\"https:\/\/pl.wikipedia.org\/wiki\/2000\" target=\"_blank\" rel=\"noopener\">2000<\/a> zako\u0144czono tworzenie kolekcji <a title=\"R\u00f3\u017ca\" href=\"https:\/\/pl.wikipedia.org\/wiki\/R%C3%B3%C5%BCa\" target=\"_blank\" rel=\"noopener\">r\u00f3\u017c<\/a> i udost\u0119pniono j\u0105 zwiedzaj\u0105cym, za\u015b trzy lata p\u00f3\u017aniej otwarto dla zwiedzaj\u0105cych teren kolekcji ro\u015blin g\u00f3rskich. Powsta\u0142a te\u017c nowa szklarnia &#8222;Zielony Raj&#8221;. <a title=\"20 maja\" href=\"https:\/\/pl.wikipedia.org\/wiki\/20_maja\" target=\"_blank\" rel=\"noopener\">20 maja<\/a> <a title=\"2006\" href=\"https:\/\/pl.wikipedia.org\/wiki\/2006\" target=\"_blank\" rel=\"noopener\">2006<\/a> roku w ogrodzie posadzono <a title=\"D\u0105b papieski\" href=\"https:\/\/pl.wikipedia.org\/wiki\/D%C4%85b_papieski\" target=\"_blank\" rel=\"noopener\">d\u0105b papieski<\/a>, upami\u0119tniaj\u0105cy Jana Paw\u0142a II. Dzi\u015b ogr\u00f3d zajmuje powierzchni\u0119 oko\u0142o 40 hektar\u00f3w, z czego zwiedzaj\u0105cym udost\u0119pniane jest blisko 30. Pozosta\u0142e 10 hektar\u00f3w to budynki gospodarcze oraz zaplecze dla prowadzenia bada\u0144 i do\u015bwiadcze\u0144 naukowych.<\/p>\n<p style=\"text-align: justify;\">W naszym ogrodzie mo\u017cna podziwia\u0107:<\/p>\n<p style=\"text-align: justify;\">&#8211; Kolekcj\u0119 ro\u015blin drzewiastych (Arboretum) o powierzchni oko\u0142o 6 ha (2557 takson\u00f3w),<br \/>\n&#8211; Kolekcj\u0119 flory Polski (617 takson\u00f3w),<br \/>\n&#8211; Kolekcj\u0119 bylin (790 takson\u00f3w),<br \/>\n&#8211; Kolekcj\u0119 ro\u015blin cebulowych i k\u0142\u0105czowych (1100 takson\u00f3w),<br \/>\n&#8211; Narodow\u0105 kolekcj\u0119 odmian uprawnych r\u00f3\u017c (800 takson\u00f3w),<br \/>\n&#8211; Kolekcj\u0119 ro\u015blin warzywnych (200 takson\u00f3w),<br \/>\n&#8211; Kolekcj\u0119 ro\u015blin sadowniczych (309 takson\u00f3w),<br \/>\n&#8211; Kolekcj\u0119 ro\u015blin leczniczych (400 takson\u00f3w),<br \/>\n&#8211; Kolekcj\u0119 chwast\u00f3w ro\u015blin uprawnych (30 takson\u00f3w) oraz,<br \/>\n&#8211; Kolekcj\u0119 ro\u015blin tropikalnych i subtropikalnych (1500 takson\u00f3w).<\/p>\n<p>Informacje o poszczeg\u00f3lnych kolekcjach mo\u017cna znale\u017a\u0107 na stronie <a href=\"https:\/\/ogrod-powsin.pl\/kolekcje-roslin\/kolekcje-roslin-1\" target=\"_blank\" rel=\"noopener\">OGRODU BOTANICZNEGO PAN w POWSINIE<\/a>.<\/p>\n<p>Ogr\u00f3d jest otwarty dla zwiedzaj\u0105cych przez ca\u0142y rok. Szczeg\u00f3\u0142owe informacje na temat godzin otwarcia, bilet\u00f3w wst\u0119pu oraz zaraz korzystania z teren\u00f3w ogrodu, mo\u017cna znale\u017a\u0107 <a href=\"https:\/\/ogrod-powsin.pl\/dla-zwiedzajacych\/godziny-otwarcia-i-cennik-biletow\" target=\"_blank\" rel=\"noopener noreferrer\">TUTAJ<\/a>.<\/p>\n<p>Zapraszamy!<\/p>\n","protected":false},"excerpt":{"rendered":"<p>Ogr\u00f3d Botaniczny \u2013 Centrum Zachowania R\u00f3\u017cnorodno\u015bci Biologicznej PAN w Warszawie znajduje si\u0119 przy po\u0142udniowej granicy dzielnicy Ursyn\u00f3w. Jest po\u0142o\u017cony na g\u00f3rnym tarasie doliny Wis\u0142y, na wysoko\u015bci 87\u2013102 m n.p.m. W otoczeniu Ogrodu Botanicznego znajduje si\u0119 rezerwat przyrody Las Kabacki im. Stefana Starzy\u0144skiego oraz Park Kultury w Powsinie. Pierwsze starania o utworzenie ogrodu botanicznego w Warszawie&#8230;<\/p>\n","protected":false},"author":6,"featured_media":628,"parent":0,"menu_order":0,"comment_status":"closed","ping_status":"closed","template":"","meta":{"_kad_blocks_custom_css":"","_kad_blocks_head_custom_js":"","_kad_blocks_body_custom_js":"","_kad_blocks_footer_custom_js":"","ngg_post_thumbnail":0,"_kad_post_transparent":"","_kad_post_title":"","_kad_post_layout":"","_kad_post_sidebar_id":"","_kad_post_content_style":"","_kad_post_vertical_padding":"","_kad_post_feature":"","_kad_post_feature_position":"","_kad_post_header":false,"_kad_post_footer":false,"_kad_post_classname":"","footnotes":""},"class_list":["post-572","page","type-page","status-publish","has-post-thumbnail","hentry"],"taxonomy_info":[],"featured_image_src_large":["https:\/\/ogrod.pan.pl\/blog\/wp-content\/uploads\/2019\/03\/headerbloga-1-1024x300.jpg",1024,300,true],"author_info":{"display_name":"admin_1","author_link":"https:\/\/ogrod.pan.pl\/blog\/author\/admin_1\/"},"comment_info":0,"_links":{"self":[{"href":"https:\/\/ogrod.pan.pl\/blog\/wp-json\/wp\/v2\/pages\/572","targetHints":{"allow":["GET"]}}],"collection":[{"href":"https:\/\/ogrod.pan.pl\/blog\/wp-json\/wp\/v2\/pages"}],"about":[{"href":"https:\/\/ogrod.pan.pl\/blog\/wp-json\/wp\/v2\/types\/page"}],"author":[{"embeddable":true,"href":"https:\/\/ogrod.pan.pl\/blog\/wp-json\/wp\/v2\/users\/6"}],"replies":[{"embeddable":true,"href":"https:\/\/ogrod.pan.pl\/blog\/wp-json\/wp\/v2\/comments?post=572"}],"version-history":[{"count":0,"href":"https:\/\/ogrod.pan.pl\/blog\/wp-json\/wp\/v2\/pages\/572\/revisions"}],"wp:featuredmedia":[{"embeddable":true,"href":"https:\/\/ogrod.pan.pl\/blog\/wp-json\/wp\/v2\/media\/628"}],"wp:attachment":[{"href":"https:\/\/ogrod.pan.pl\/blog\/wp-json\/wp\/v2\/media?parent=572"}],"curies":[{"name":"wp","href":"https:\/\/api.w.org\/{rel}","templated":true}]}}